{"id":12204,"date":"2025-09-22T14:37:16","date_gmt":"2025-09-22T11:37:16","guid":{"rendered":"https:\/\/www.studioticket.fi\/?page_id=12204"},"modified":"2025-09-22T14:40:41","modified_gmt":"2025-09-22T11:40:41","slug":"the-queen-is-leaving-the-building","status":"publish","type":"page","link":"https:\/\/www.studioticket.fi\/sv\/etusivu\/the-queen-is-leaving-the-building\/","title":{"rendered":"The Queen is leaving the building"},"content":{"rendered":"<p>Aikani Studio Ticketill\u00e4 on pian ohi, viimeinen p\u00e4iv\u00e4 on 30.9. ja sen j\u00e4lkeen aloitan uuden luvun uudessa ty\u00f6ss\u00e4.<\/p>\n<p>Studio Ticket jatkaa ennallaan ja henkil\u00f6kunta on paikalla huolehtimassa sinusta, aivan kuten ennenkin.<\/p>\n<p>Haluan kiitt\u00e4\u00e4 kaikkia asiakkaita ja yhteisty\u00f6kumppaneita, joihin olen tutustunut hyvin vuosien varrella.<\/p>\n<p>&nbsp;<\/p>\n<p>N\u00e4hd\u00e4\u00e4n taatusti, en katoa liian kauas \ud83d\ude00<\/p>\n<p>&nbsp;<\/p>\n<p>Kaikkea hyv\u00e4\u00e4 \u2665\ufe0f<\/p>\n<p>&nbsp;<\/p>\n<p>Sara Jansson<\/p>\n","protected":false},"excerpt":{"rendered":"<p>Aikani Studio Ticketill\u00e4 on pian ohi, viimeinen p\u00e4iv\u00e4 on 30.9. ja sen j\u00e4lkeen aloitan uuden luvun uudessa ty\u00f6ss\u00e4. Studio Ticket jatkaa ennallaan ja henkil\u00f6kunta on paikalla huolehtimassa sinusta, aivan kuten [&hellip;]<\/p>\n","protected":false},"author":5,"featured_media":12207,"parent":67,"menu_order":0,"comment_status":"closed","ping_status":"closed","template":"page-templates\/no-content.php","meta":{"_acf_changed":false,"footnotes":""},"class_list":["post-12204","page","type-page","status-publish","has-post-thumbnail","hentry"],"acf":[],"yoast_head":"<!-- This site is optimized with the Yoast SEO plugin v27.5 - https:\/\/yoast.com\/product\/yoast-seo-wordpress\/ -->\n<title>The Queen is leaving the building - Studio Ticket<\/title>\n<meta name=\"robots\" content=\"index, follow, max-snippet:-1, max-image-preview:large, max-video-preview:-1\" \/>\n<link rel=\"canonical\" href=\"https:\/\/www.studioticket.fi\/sv\/etusivu\/the-queen-is-leaving-the-building\/\" \/>\n<meta property=\"og:locale\" content=\"sv_SE\" \/>\n<meta property=\"og:type\" content=\"article\" \/>\n<meta property=\"og:title\" content=\"The Queen is leaving the building - Studio Ticket\" \/>\n<meta property=\"og:description\" content=\"Aikani Studio Ticketill\u00e4 on pian ohi, viimeinen p\u00e4iv\u00e4 on 30.9. ja sen j\u00e4lkeen aloitan uuden luvun uudessa ty\u00f6ss\u00e4. Studio Ticket jatkaa ennallaan ja henkil\u00f6kunta on paikalla huolehtimassa sinusta, aivan kuten [&hellip;]\" \/>\n<meta property=\"og:url\" content=\"https:\/\/www.studioticket.fi\/sv\/etusivu\/the-queen-is-leaving-the-building\/\" \/>\n<meta property=\"og:site_name\" content=\"Studio Ticket\" \/>\n<meta property=\"article:modified_time\" content=\"2025-09-22T11:40:41+00:00\" \/>\n<meta property=\"og:image\" content=\"https:\/\/www.studioticket.fi\/wp-content\/uploads\/2025\/09\/istockphoto-1200554100-2048x2048-1.webp\" \/>\n\t<meta property=\"og:image:width\" content=\"2048\" \/>\n\t<meta property=\"og:image:height\" content=\"1370\" \/>\n\t<meta property=\"og:image:type\" content=\"image\/webp\" \/>\n<meta name=\"twitter:card\" content=\"summary_large_image\" \/>\n<meta name=\"twitter:label1\" content=\"Ber\u00e4knad l\u00e4stid\" \/>\n\t<meta name=\"twitter:data1\" content=\"1 minut\" \/>\n<script type=\"application\/ld+json\" class=\"yoast-schema-graph\">{\"@context\":\"https:\\\/\\\/schema.org\",\"@graph\":[{\"@type\":\"WebPage\",\"@id\":\"https:\\\/\\\/www.studioticket.fi\\\/sv\\\/etusivu\\\/the-queen-is-leaving-the-building\\\/\",\"url\":\"https:\\\/\\\/www.studioticket.fi\\\/sv\\\/etusivu\\\/the-queen-is-leaving-the-building\\\/\",\"name\":\"The Queen is leaving the building - Studio Ticket\",\"isPartOf\":{\"@id\":\"https:\\\/\\\/www.studioticket.fi\\\/sv\\\/#website\"},\"primaryImageOfPage\":{\"@id\":\"https:\\\/\\\/www.studioticket.fi\\\/sv\\\/etusivu\\\/the-queen-is-leaving-the-building\\\/#primaryimage\"},\"image\":{\"@id\":\"https:\\\/\\\/www.studioticket.fi\\\/sv\\\/etusivu\\\/the-queen-is-leaving-the-building\\\/#primaryimage\"},\"thumbnailUrl\":\"https:\\\/\\\/www.studioticket.fi\\\/wp-content\\\/uploads\\\/2025\\\/09\\\/istockphoto-1200554100-2048x2048-1.webp\",\"datePublished\":\"2025-09-22T11:37:16+00:00\",\"dateModified\":\"2025-09-22T11:40:41+00:00\",\"breadcrumb\":{\"@id\":\"https:\\\/\\\/www.studioticket.fi\\\/sv\\\/etusivu\\\/the-queen-is-leaving-the-building\\\/#breadcrumb\"},\"inLanguage\":\"sv-SE\",\"potentialAction\":[{\"@type\":\"ReadAction\",\"target\":[\"https:\\\/\\\/www.studioticket.fi\\\/sv\\\/etusivu\\\/the-queen-is-leaving-the-building\\\/\"]}]},{\"@type\":\"ImageObject\",\"inLanguage\":\"sv-SE\",\"@id\":\"https:\\\/\\\/www.studioticket.fi\\\/sv\\\/etusivu\\\/the-queen-is-leaving-the-building\\\/#primaryimage\",\"url\":\"https:\\\/\\\/www.studioticket.fi\\\/wp-content\\\/uploads\\\/2025\\\/09\\\/istockphoto-1200554100-2048x2048-1.webp\",\"contentUrl\":\"https:\\\/\\\/www.studioticket.fi\\\/wp-content\\\/uploads\\\/2025\\\/09\\\/istockphoto-1200554100-2048x2048-1.webp\",\"width\":2048,\"height\":1370},{\"@type\":\"BreadcrumbList\",\"@id\":\"https:\\\/\\\/www.studioticket.fi\\\/sv\\\/etusivu\\\/the-queen-is-leaving-the-building\\\/#breadcrumb\",\"itemListElement\":[{\"@type\":\"ListItem\",\"position\":1,\"name\":\"Home\",\"item\":\"https:\\\/\\\/www.studioticket.fi\\\/sv\\\/\"},{\"@type\":\"ListItem\",\"position\":2,\"name\":\"Framsida\",\"item\":\"https:\\\/\\\/www.studioticket.fi\\\/sv\\\/\"},{\"@type\":\"ListItem\",\"position\":3,\"name\":\"The Queen is leaving the building\"}]},{\"@type\":\"WebSite\",\"@id\":\"https:\\\/\\\/www.studioticket.fi\\\/sv\\\/#website\",\"url\":\"https:\\\/\\\/www.studioticket.fi\\\/sv\\\/\",\"name\":\"Studio Ticket\",\"description\":\"\",\"potentialAction\":[{\"@type\":\"SearchAction\",\"target\":{\"@type\":\"EntryPoint\",\"urlTemplate\":\"https:\\\/\\\/www.studioticket.fi\\\/sv\\\/?s={search_term_string}\"},\"query-input\":{\"@type\":\"PropertyValueSpecification\",\"valueRequired\":true,\"valueName\":\"search_term_string\"}}],\"inLanguage\":\"sv-SE\"}]}<\/script>\n<!-- \/ Yoast SEO plugin. -->","yoast_head_json":{"title":"The Queen is leaving the building - Studio Ticket","robots":{"index":"index","follow":"follow","max-snippet":"max-snippet:-1","max-image-preview":"max-image-preview:large","max-video-preview":"max-video-preview:-1"},"canonical":"https:\/\/www.studioticket.fi\/sv\/etusivu\/the-queen-is-leaving-the-building\/","og_locale":"sv_SE","og_type":"article","og_title":"The Queen is leaving the building - Studio Ticket","og_description":"Aikani Studio Ticketill\u00e4 on pian ohi, viimeinen p\u00e4iv\u00e4 on 30.9. ja sen j\u00e4lkeen aloitan uuden luvun uudessa ty\u00f6ss\u00e4. Studio Ticket jatkaa ennallaan ja henkil\u00f6kunta on paikalla huolehtimassa sinusta, aivan kuten [&hellip;]","og_url":"https:\/\/www.studioticket.fi\/sv\/etusivu\/the-queen-is-leaving-the-building\/","og_site_name":"Studio Ticket","article_modified_time":"2025-09-22T11:40:41+00:00","og_image":[{"width":2048,"height":1370,"url":"https:\/\/www.studioticket.fi\/wp-content\/uploads\/2025\/09\/istockphoto-1200554100-2048x2048-1.webp","type":"image\/webp"}],"twitter_card":"summary_large_image","twitter_misc":{"Ber\u00e4knad l\u00e4stid":"1 minut"},"schema":{"@context":"https:\/\/schema.org","@graph":[{"@type":"WebPage","@id":"https:\/\/www.studioticket.fi\/sv\/etusivu\/the-queen-is-leaving-the-building\/","url":"https:\/\/www.studioticket.fi\/sv\/etusivu\/the-queen-is-leaving-the-building\/","name":"The Queen is leaving the building - Studio Ticket","isPartOf":{"@id":"https:\/\/www.studioticket.fi\/sv\/#website"},"primaryImageOfPage":{"@id":"https:\/\/www.studioticket.fi\/sv\/etusivu\/the-queen-is-leaving-the-building\/#primaryimage"},"image":{"@id":"https:\/\/www.studioticket.fi\/sv\/etusivu\/the-queen-is-leaving-the-building\/#primaryimage"},"thumbnailUrl":"https:\/\/www.studioticket.fi\/wp-content\/uploads\/2025\/09\/istockphoto-1200554100-2048x2048-1.webp","datePublished":"2025-09-22T11:37:16+00:00","dateModified":"2025-09-22T11:40:41+00:00","breadcrumb":{"@id":"https:\/\/www.studioticket.fi\/sv\/etusivu\/the-queen-is-leaving-the-building\/#breadcrumb"},"inLanguage":"sv-SE","potentialAction":[{"@type":"ReadAction","target":["https:\/\/www.studioticket.fi\/sv\/etusivu\/the-queen-is-leaving-the-building\/"]}]},{"@type":"ImageObject","inLanguage":"sv-SE","@id":"https:\/\/www.studioticket.fi\/sv\/etusivu\/the-queen-is-leaving-the-building\/#primaryimage","url":"https:\/\/www.studioticket.fi\/wp-content\/uploads\/2025\/09\/istockphoto-1200554100-2048x2048-1.webp","contentUrl":"https:\/\/www.studioticket.fi\/wp-content\/uploads\/2025\/09\/istockphoto-1200554100-2048x2048-1.webp","width":2048,"height":1370},{"@type":"BreadcrumbList","@id":"https:\/\/www.studioticket.fi\/sv\/etusivu\/the-queen-is-leaving-the-building\/#breadcrumb","itemListElement":[{"@type":"ListItem","position":1,"name":"Home","item":"https:\/\/www.studioticket.fi\/sv\/"},{"@type":"ListItem","position":2,"name":"Framsida","item":"https:\/\/www.studioticket.fi\/sv\/"},{"@type":"ListItem","position":3,"name":"The Queen is leaving the building"}]},{"@type":"WebSite","@id":"https:\/\/www.studioticket.fi\/sv\/#website","url":"https:\/\/www.studioticket.fi\/sv\/","name":"Studio Ticket","description":"","potentialAction":[{"@type":"SearchAction","target":{"@type":"EntryPoint","urlTemplate":"https:\/\/www.studioticket.fi\/sv\/?s={search_term_string}"},"query-input":{"@type":"PropertyValueSpecification","valueRequired":true,"valueName":"search_term_string"}}],"inLanguage":"sv-SE"}]}},"_links":{"self":[{"href":"https:\/\/www.studioticket.fi\/sv\/wp-json\/wp\/v2\/pages\/12204","targetHints":{"allow":["GET"]}}],"collection":[{"href":"https:\/\/www.studioticket.fi\/sv\/wp-json\/wp\/v2\/pages"}],"about":[{"href":"https:\/\/www.studioticket.fi\/sv\/wp-json\/wp\/v2\/types\/page"}],"author":[{"embeddable":true,"href":"https:\/\/www.studioticket.fi\/sv\/wp-json\/wp\/v2\/users\/5"}],"replies":[{"embeddable":true,"href":"https:\/\/www.studioticket.fi\/sv\/wp-json\/wp\/v2\/comments?post=12204"}],"version-history":[{"count":1,"href":"https:\/\/www.studioticket.fi\/sv\/wp-json\/wp\/v2\/pages\/12204\/revisions"}],"predecessor-version":[{"id":12205,"href":"https:\/\/www.studioticket.fi\/sv\/wp-json\/wp\/v2\/pages\/12204\/revisions\/12205"}],"up":[{"embeddable":true,"href":"https:\/\/www.studioticket.fi\/sv\/wp-json\/wp\/v2\/pages\/67"}],"wp:featuredmedia":[{"embeddable":true,"href":"https:\/\/www.studioticket.fi\/sv\/wp-json\/wp\/v2\/media\/12207"}],"wp:attachment":[{"href":"https:\/\/www.studioticket.fi\/sv\/wp-json\/wp\/v2\/media?parent=12204"}],"curies":[{"name":"wp","href":"https:\/\/api.w.org\/{rel}","templated":true}]}}