{"id":367,"date":"2017-11-27T12:16:30","date_gmt":"2017-11-27T10:16:30","guid":{"rendered":"https:\/\/www.studioticket.fi\/?page_id=367"},"modified":"2026-04-24T16:46:01","modified_gmt":"2026-04-24T13:46:01","slug":"kontakt","status":"publish","type":"page","link":"https:\/\/www.studioticket.fi\/sv\/kontakt\/","title":{"rendered":"INFO (kontaktuppgifter, biljettf\u00f6rs\u00e4ljning och betalningss\u00e4tt)"},"content":{"rendered":"<p><strong>Du hittar oss, Studio Ticket (&amp; Lifti) p\u00e5 andra v\u00e5ningen i Rewell. (Bredvid hissen och intill Rosso, Clas Ohlson och Sale)<\/strong><\/p>\n<p>Studio Ticket<br \/>\nK\u00f6pcentrum Rewell 2. v\u00e5ningen<br \/>\n65100 Vasa<\/p>\n<p>Tel. <a href=\"tel:+35870096525\"><span style=\"color: #0000ff\">0700-96525<\/span><\/a><br \/>\n(1 \u20ac\/min + pvm)<\/p>\n<p><a href=\"mailto:info@studioticket.fi\"><span style=\"color: #0000ff\">info@studioticket.fi<\/span><\/a><\/p>\n<p><strong>\u00a0<\/strong><\/p>\n<p><strong>\u00d6ppeth\u00e5llningstider<\/strong><\/p>\n<p>Vardagar: 10.00 &#8211; 17.00<\/p>\n<p>L\u00f6rdag 10.00 &#8211; 14.00<\/p>\n<p>S\u00f6ndag: st\u00e4ngt<\/p>\n<p><em><strong>AVVIKANDE \u00d6PPETTIDER:<\/strong><\/em><\/p>\n<p>30.4 st\u00e4nger kl 15<\/p>\n<p>1.5-2.5 st\u00e4ngt<\/p>\n<p>&nbsp;<\/p>\n<p><strong>*************************************************<\/strong><\/p>\n<p>&nbsp;<\/p>\n<h2><span style=\"text-decoration: underline\">Vilka biljetter f\u00e5r du hos oss + betalningss\u00e4tt p\u00e5 v\u00e5rt kontor<\/span><\/h2>\n<h3>Netticket<\/h3>\n<p>SmartumPay, Edenred Ticket Mind &amp; Body -kort, Edenred Ticket Duo -kort,\u00a0 E-Passi,\u00a0 bankkort och kontanter.<\/p>\n<p>Betalningss\u00e4tt som <strong>EJ<\/strong> g\u00e4ller: Kultursedlar<\/p>\n<p>&nbsp;<\/p>\n<p><strong>*************************************************<\/strong><\/p>\n<h2><span style=\"text-decoration: underline\"><b><span lang=\"SV-FI\">Vid k\u00f6p av Wasaline biljetter och souvenier g\u00e4ller f\u00f6ljande:<\/span><\/b><\/span><\/h2>\n<h3><strong>Wasaline:<\/strong><\/h3>\n<p>Du kan endast betala med bankkort.<\/p>\n<h3><strong>Souvenirer:<\/strong><\/h3>\n<p>Du kan endast betala med bankkort.<\/p>\n<p>&nbsp;<\/p>\n<p>*********************************************************************************************************************************<\/p>\n<h4>Hur anv\u00e4nder jag min kulturf\u00f6rm\u00e5n?<\/h4>\n<h4>Du kan k\u00f6pa presentkort till dig sj\u00e4lv med din kulturf\u00f6rm\u00e5n, notera att presentkortet kommer p\u00e5 ditt namn och du kan endast k\u00f6pa biljett till dig sj\u00e4lv med presentkortet.<\/h4>\n<h4>Du kan endast k\u00f6pa en biljett \/ evenemang \/ kulturf\u00f6rm\u00e5n. Din kulturf\u00f6rm\u00e5n \u00e4r personlig och s\u00e5ledes kan du endast k\u00f6pa en biljett.<\/h4>\n<h4>Om biljetten inkluderar transport, \u00f6vernattning eller mat s\u00e5 kan du inte anv\u00e4nda din kulturf\u00f6rm\u00e5n.<\/h4>\n<h4>OBS! Du kan endast anv\u00e4nda din kulturf\u00f6rm\u00e5n d\u00e5 du k\u00f6per din biljett hos oss p\u00e5 plats!<\/h4>\n<p>**********************************************************************************************************************************<\/p>\n<p>&nbsp;<\/p>\n<p><em>\u00a0<\/em><\/p>\n<p>&nbsp;<\/p>\n","protected":false},"excerpt":{"rendered":"<p>Du hittar oss, Studio Ticket (&amp; Lifti) p\u00e5 andra v\u00e5ningen i Rewell. (Bredvid hissen och intill Rosso, Clas Ohlson och Sale) Studio Ticket K\u00f6pcentrum Rewell 2. v\u00e5ningen 65100 Vasa Tel. [&hellip;]<\/p>\n","protected":false},"author":1,"featured_media":0,"parent":0,"menu_order":0,"comment_status":"closed","ping_status":"closed","template":"","meta":{"_acf_changed":false,"footnotes":""},"class_list":["post-367","page","type-page","status-publish","hentry"],"acf":[],"yoast_head":"<!-- This site is optimized with the Yoast SEO plugin v27.5 - https:\/\/yoast.com\/product\/yoast-seo-wordpress\/ -->\n<title>INFO (kontaktuppgifter, biljettf\u00f6rs\u00e4ljning och betalningss\u00e4tt) - Studio Ticket<\/title>\n<meta name=\"robots\" content=\"index, follow, max-snippet:-1, max-image-preview:large, max-video-preview:-1\" \/>\n<link rel=\"canonical\" href=\"https:\/\/www.studioticket.fi\/sv\/kontakt\/\" \/>\n<meta property=\"og:locale\" content=\"sv_SE\" \/>\n<meta property=\"og:type\" content=\"article\" \/>\n<meta property=\"og:title\" content=\"INFO (kontaktuppgifter, biljettf\u00f6rs\u00e4ljning och betalningss\u00e4tt) - Studio Ticket\" \/>\n<meta property=\"og:description\" content=\"Du hittar oss, Studio Ticket (&amp; Lifti) p\u00e5 andra v\u00e5ningen i Rewell. (Bredvid hissen och intill Rosso, Clas Ohlson och Sale) Studio Ticket K\u00f6pcentrum Rewell 2. v\u00e5ningen 65100 Vasa Tel. [&hellip;]\" \/>\n<meta property=\"og:url\" content=\"https:\/\/www.studioticket.fi\/sv\/kontakt\/\" \/>\n<meta property=\"og:site_name\" content=\"Studio Ticket\" \/>\n<meta property=\"article:modified_time\" content=\"2026-04-24T13:46:01+00:00\" \/>\n<meta property=\"og:image\" content=\"https:\/\/www.studioticket.fi\/wp-content\/uploads\/2017\/11\/studioticket-ogp.png\" \/>\n\t<meta property=\"og:image:width\" content=\"1920\" \/>\n\t<meta property=\"og:image:height\" content=\"1080\" \/>\n\t<meta property=\"og:image:type\" content=\"image\/png\" \/>\n<meta name=\"twitter:card\" content=\"summary_large_image\" \/>\n<meta name=\"twitter:label1\" content=\"Ber\u00e4knad l\u00e4stid\" \/>\n\t<meta name=\"twitter:data1\" content=\"1 minut\" \/>\n<script type=\"application\/ld+json\" class=\"yoast-schema-graph\">{\"@context\":\"https:\\\/\\\/schema.org\",\"@graph\":[{\"@type\":\"WebPage\",\"@id\":\"https:\\\/\\\/www.studioticket.fi\\\/sv\\\/kontakt\\\/\",\"url\":\"https:\\\/\\\/www.studioticket.fi\\\/sv\\\/kontakt\\\/\",\"name\":\"INFO (kontaktuppgifter, biljettf\u00f6rs\u00e4ljning och betalningss\u00e4tt) - Studio Ticket\",\"isPartOf\":{\"@id\":\"https:\\\/\\\/www.studioticket.fi\\\/sv\\\/#website\"},\"datePublished\":\"2017-11-27T10:16:30+00:00\",\"dateModified\":\"2026-04-24T13:46:01+00:00\",\"breadcrumb\":{\"@id\":\"https:\\\/\\\/www.studioticket.fi\\\/sv\\\/kontakt\\\/#breadcrumb\"},\"inLanguage\":\"sv-SE\",\"potentialAction\":[{\"@type\":\"ReadAction\",\"target\":[\"https:\\\/\\\/www.studioticket.fi\\\/sv\\\/kontakt\\\/\"]}]},{\"@type\":\"BreadcrumbList\",\"@id\":\"https:\\\/\\\/www.studioticket.fi\\\/sv\\\/kontakt\\\/#breadcrumb\",\"itemListElement\":[{\"@type\":\"ListItem\",\"position\":1,\"name\":\"Home\",\"item\":\"https:\\\/\\\/www.studioticket.fi\\\/sv\\\/\"},{\"@type\":\"ListItem\",\"position\":2,\"name\":\"INFO (kontaktuppgifter, biljettf\u00f6rs\u00e4ljning och betalningss\u00e4tt)\"}]},{\"@type\":\"WebSite\",\"@id\":\"https:\\\/\\\/www.studioticket.fi\\\/sv\\\/#website\",\"url\":\"https:\\\/\\\/www.studioticket.fi\\\/sv\\\/\",\"name\":\"Studio Ticket\",\"description\":\"\",\"potentialAction\":[{\"@type\":\"SearchAction\",\"target\":{\"@type\":\"EntryPoint\",\"urlTemplate\":\"https:\\\/\\\/www.studioticket.fi\\\/sv\\\/?s={search_term_string}\"},\"query-input\":{\"@type\":\"PropertyValueSpecification\",\"valueRequired\":true,\"valueName\":\"search_term_string\"}}],\"inLanguage\":\"sv-SE\"}]}<\/script>\n<!-- \/ Yoast SEO plugin. -->","yoast_head_json":{"title":"INFO (kontaktuppgifter, biljettf\u00f6rs\u00e4ljning och betalningss\u00e4tt) - Studio Ticket","robots":{"index":"index","follow":"follow","max-snippet":"max-snippet:-1","max-image-preview":"max-image-preview:large","max-video-preview":"max-video-preview:-1"},"canonical":"https:\/\/www.studioticket.fi\/sv\/kontakt\/","og_locale":"sv_SE","og_type":"article","og_title":"INFO (kontaktuppgifter, biljettf\u00f6rs\u00e4ljning och betalningss\u00e4tt) - Studio Ticket","og_description":"Du hittar oss, Studio Ticket (&amp; Lifti) p\u00e5 andra v\u00e5ningen i Rewell. (Bredvid hissen och intill Rosso, Clas Ohlson och Sale) Studio Ticket K\u00f6pcentrum Rewell 2. v\u00e5ningen 65100 Vasa Tel. [&hellip;]","og_url":"https:\/\/www.studioticket.fi\/sv\/kontakt\/","og_site_name":"Studio Ticket","article_modified_time":"2026-04-24T13:46:01+00:00","og_image":[{"width":1920,"height":1080,"url":"https:\/\/www.studioticket.fi\/wp-content\/uploads\/2017\/11\/studioticket-ogp.png","type":"image\/png"}],"twitter_card":"summary_large_image","twitter_misc":{"Ber\u00e4knad l\u00e4stid":"1 minut"},"schema":{"@context":"https:\/\/schema.org","@graph":[{"@type":"WebPage","@id":"https:\/\/www.studioticket.fi\/sv\/kontakt\/","url":"https:\/\/www.studioticket.fi\/sv\/kontakt\/","name":"INFO (kontaktuppgifter, biljettf\u00f6rs\u00e4ljning och betalningss\u00e4tt) - Studio Ticket","isPartOf":{"@id":"https:\/\/www.studioticket.fi\/sv\/#website"},"datePublished":"2017-11-27T10:16:30+00:00","dateModified":"2026-04-24T13:46:01+00:00","breadcrumb":{"@id":"https:\/\/www.studioticket.fi\/sv\/kontakt\/#breadcrumb"},"inLanguage":"sv-SE","potentialAction":[{"@type":"ReadAction","target":["https:\/\/www.studioticket.fi\/sv\/kontakt\/"]}]},{"@type":"BreadcrumbList","@id":"https:\/\/www.studioticket.fi\/sv\/kontakt\/#breadcrumb","itemListElement":[{"@type":"ListItem","position":1,"name":"Home","item":"https:\/\/www.studioticket.fi\/sv\/"},{"@type":"ListItem","position":2,"name":"INFO (kontaktuppgifter, biljettf\u00f6rs\u00e4ljning och betalningss\u00e4tt)"}]},{"@type":"WebSite","@id":"https:\/\/www.studioticket.fi\/sv\/#website","url":"https:\/\/www.studioticket.fi\/sv\/","name":"Studio Ticket","description":"","potentialAction":[{"@type":"SearchAction","target":{"@type":"EntryPoint","urlTemplate":"https:\/\/www.studioticket.fi\/sv\/?s={search_term_string}"},"query-input":{"@type":"PropertyValueSpecification","valueRequired":true,"valueName":"search_term_string"}}],"inLanguage":"sv-SE"}]}},"_links":{"self":[{"href":"https:\/\/www.studioticket.fi\/sv\/wp-json\/wp\/v2\/pages\/367","targetHints":{"allow":["GET"]}}],"collection":[{"href":"https:\/\/www.studioticket.fi\/sv\/wp-json\/wp\/v2\/pages"}],"about":[{"href":"https:\/\/www.studioticket.fi\/sv\/wp-json\/wp\/v2\/types\/page"}],"author":[{"embeddable":true,"href":"https:\/\/www.studioticket.fi\/sv\/wp-json\/wp\/v2\/users\/1"}],"replies":[{"embeddable":true,"href":"https:\/\/www.studioticket.fi\/sv\/wp-json\/wp\/v2\/comments?post=367"}],"version-history":[{"count":202,"href":"https:\/\/www.studioticket.fi\/sv\/wp-json\/wp\/v2\/pages\/367\/revisions"}],"predecessor-version":[{"id":12576,"href":"https:\/\/www.studioticket.fi\/sv\/wp-json\/wp\/v2\/pages\/367\/revisions\/12576"}],"wp:attachment":[{"href":"https:\/\/www.studioticket.fi\/sv\/wp-json\/wp\/v2\/media?parent=367"}],"curies":[{"name":"wp","href":"https:\/\/api.w.org\/{rel}","templated":true}]}}