{"id":10559,"date":"2024-03-18T10:27:50","date_gmt":"2024-03-18T08:28:43","guid":{"rendered":"https:\/\/www.studioticket.fi\/?post_type=product&#038;p=10559"},"modified":"2024-03-18T10:28:44","modified_gmt":"2024-03-18T08:28:44","slug":"villa-sandviken-presentkort","status":"publish","type":"product","link":"https:\/\/www.studioticket.fi\/sv\/produkt\/villa-sandviken-presentkort\/","title":{"rendered":"Villa Sandviken Presentkort"},"content":{"rendered":"<div dir=\"auto\">Nu kan du \u00e4ven k\u00f6pa presentkort till Villa Sandviken hos oss!<\/div>\n<p><span class=\"description\">\u00a0<\/span><\/p>\n<div dir=\"auto\">Utm\u00e4rkt som f\u00f6delsedagspresent eller varf\u00f6r inte en annars bara g\u00e5va till en k\u00e4r v\u00e4n<\/div>\n<p><span class=\"description\">\u00a0<\/span><\/p>\n<div dir=\"auto\">Du f\u00e5r sj\u00e4lv v\u00e4lja summan och presentkortet \u00e4r i kraft 6 m\u00e5nader fr\u00e5n k\u00f6pedatumet.<\/div>\n","protected":false},"excerpt":{"rendered":"<p>Nu kan du \u00e4ven k\u00f6pa presentkort till Villa Sandviken hos oss! \u00a0 Utm\u00e4rkt som f\u00f6delsedagspresent eller varf\u00f6r inte en annars bara g\u00e5va till en k\u00e4r v\u00e4n \u00a0 Du f\u00e5r sj\u00e4lv [&hellip;]<\/p>\n","protected":false},"featured_media":10558,"comment_status":"closed","ping_status":"closed","template":"","meta":{"_acf_changed":false},"product_brand":[],"product_cat":[175],"product_tag":[1232],"class_list":{"0":"post-10559","1":"product","2":"type-product","3":"status-publish","4":"has-post-thumbnail","6":"product_cat-presentkort","7":"product_tag-villa-sandviken-sv","9":"first","10":"instock","11":"shipping-taxable","12":"product-type-simple"},"acf":[],"yoast_head":"<!-- This site is optimized with the Yoast SEO plugin v27.3 - https:\/\/yoast.com\/product\/yoast-seo-wordpress\/ -->\n<title>Villa Sandviken Presentkort - Studio Ticket<\/title>\n<meta name=\"robots\" content=\"index, follow, max-snippet:-1, max-image-preview:large, max-video-preview:-1\" \/>\n<link rel=\"canonical\" href=\"https:\/\/www.studioticket.fi\/?post_type=product&p=10556\" \/>\n<meta property=\"og:locale\" content=\"sv_SE\" \/>\n<meta property=\"og:type\" content=\"article\" \/>\n<meta property=\"og:title\" content=\"Villa Sandviken Presentkort - Studio Ticket\" \/>\n<meta property=\"og:description\" content=\"Nu kan du \u00e4ven k\u00f6pa presentkort till Villa Sandviken hos oss! \u00a0 Utm\u00e4rkt som f\u00f6delsedagspresent eller varf\u00f6r inte en annars bara g\u00e5va till en k\u00e4r v\u00e4n \u00a0 Du f\u00e5r sj\u00e4lv [&hellip;]\" \/>\n<meta property=\"og:url\" content=\"https:\/\/www.studioticket.fi\/?post_type=product&amp;p=10556\" \/>\n<meta property=\"og:site_name\" content=\"Studio Ticket\" \/>\n<meta property=\"article:modified_time\" content=\"2024-03-18T08:28:44+00:00\" \/>\n<meta property=\"og:image\" content=\"https:\/\/www.studioticket.fi\/wp-content\/uploads\/2024\/03\/Villa-Sandviken-PK-scaled.jpg\" \/>\n\t<meta property=\"og:image:width\" content=\"2174\" \/>\n\t<meta property=\"og:image:height\" content=\"2560\" \/>\n\t<meta property=\"og:image:type\" content=\"image\/jpeg\" \/>\n<meta name=\"twitter:card\" content=\"summary_large_image\" \/>\n<meta name=\"twitter:label1\" content=\"Ber\u00e4knad l\u00e4stid\" \/>\n\t<meta name=\"twitter:data1\" content=\"1 minut\" \/>\n<script type=\"application\/ld+json\" class=\"yoast-schema-graph\">{\"@context\":\"https:\\\/\\\/schema.org\",\"@graph\":[{\"@type\":\"WebPage\",\"@id\":\"https:\\\/\\\/www.studioticket.fi\\\/?post_type=product&p=10556\",\"url\":\"https:\\\/\\\/www.studioticket.fi\\\/?post_type=product&p=10556\",\"name\":\"Villa Sandviken Presentkort - Studio Ticket\",\"isPartOf\":{\"@id\":\"https:\\\/\\\/www.studioticket.fi\\\/sv\\\/#website\"},\"primaryImageOfPage\":{\"@id\":\"https:\\\/\\\/www.studioticket.fi\\\/?post_type=product&p=10556#primaryimage\"},\"image\":{\"@id\":\"https:\\\/\\\/www.studioticket.fi\\\/?post_type=product&p=10556#primaryimage\"},\"thumbnailUrl\":\"https:\\\/\\\/www.studioticket.fi\\\/wp-content\\\/uploads\\\/2024\\\/03\\\/Villa-Sandviken-PK-scaled.jpg\",\"datePublished\":\"2024-03-18T08:28:43+00:00\",\"dateModified\":\"2024-03-18T08:28:44+00:00\",\"breadcrumb\":{\"@id\":\"https:\\\/\\\/www.studioticket.fi\\\/?post_type=product&p=10556#breadcrumb\"},\"inLanguage\":\"sv-SE\",\"potentialAction\":[{\"@type\":\"ReadAction\",\"target\":[\"https:\\\/\\\/www.studioticket.fi\\\/?post_type=product&p=10556\"]}]},{\"@type\":\"ImageObject\",\"inLanguage\":\"sv-SE\",\"@id\":\"https:\\\/\\\/www.studioticket.fi\\\/?post_type=product&p=10556#primaryimage\",\"url\":\"https:\\\/\\\/www.studioticket.fi\\\/wp-content\\\/uploads\\\/2024\\\/03\\\/Villa-Sandviken-PK-scaled.jpg\",\"contentUrl\":\"https:\\\/\\\/www.studioticket.fi\\\/wp-content\\\/uploads\\\/2024\\\/03\\\/Villa-Sandviken-PK-scaled.jpg\",\"width\":2174,\"height\":2560},{\"@type\":\"BreadcrumbList\",\"@id\":\"https:\\\/\\\/www.studioticket.fi\\\/?post_type=product&p=10556#breadcrumb\",\"itemListElement\":[{\"@type\":\"ListItem\",\"position\":1,\"name\":\"Home\",\"item\":\"https:\\\/\\\/www.studioticket.fi\\\/sv\\\/\"},{\"@type\":\"ListItem\",\"position\":2,\"name\":\"Produkter\",\"item\":\"https:\\\/\\\/www.studioticket.fi\\\/sv\\\/butik\\\/\"},{\"@type\":\"ListItem\",\"position\":3,\"name\":\"Villa Sandviken Presentkort\"}]},{\"@type\":\"WebSite\",\"@id\":\"https:\\\/\\\/www.studioticket.fi\\\/sv\\\/#website\",\"url\":\"https:\\\/\\\/www.studioticket.fi\\\/sv\\\/\",\"name\":\"Studio Ticket\",\"description\":\"\",\"potentialAction\":[{\"@type\":\"SearchAction\",\"target\":{\"@type\":\"EntryPoint\",\"urlTemplate\":\"https:\\\/\\\/www.studioticket.fi\\\/sv\\\/?s={search_term_string}\"},\"query-input\":{\"@type\":\"PropertyValueSpecification\",\"valueRequired\":true,\"valueName\":\"search_term_string\"}}],\"inLanguage\":\"sv-SE\"}]}<\/script>\n<!-- \/ Yoast SEO plugin. -->","yoast_head_json":{"title":"Villa Sandviken Presentkort - Studio Ticket","robots":{"index":"index","follow":"follow","max-snippet":"max-snippet:-1","max-image-preview":"max-image-preview:large","max-video-preview":"max-video-preview:-1"},"canonical":"https:\/\/www.studioticket.fi\/?post_type=product&p=10556","og_locale":"sv_SE","og_type":"article","og_title":"Villa Sandviken Presentkort - Studio Ticket","og_description":"Nu kan du \u00e4ven k\u00f6pa presentkort till Villa Sandviken hos oss! \u00a0 Utm\u00e4rkt som f\u00f6delsedagspresent eller varf\u00f6r inte en annars bara g\u00e5va till en k\u00e4r v\u00e4n \u00a0 Du f\u00e5r sj\u00e4lv [&hellip;]","og_url":"https:\/\/www.studioticket.fi\/?post_type=product&p=10556","og_site_name":"Studio Ticket","article_modified_time":"2024-03-18T08:28:44+00:00","og_image":[{"width":2174,"height":2560,"url":"https:\/\/www.studioticket.fi\/wp-content\/uploads\/2024\/03\/Villa-Sandviken-PK-scaled.jpg","type":"image\/jpeg"}],"twitter_card":"summary_large_image","twitter_misc":{"Ber\u00e4knad l\u00e4stid":"1 minut"},"schema":{"@context":"https:\/\/schema.org","@graph":[{"@type":"WebPage","@id":"https:\/\/www.studioticket.fi\/?post_type=product&p=10556","url":"https:\/\/www.studioticket.fi\/?post_type=product&p=10556","name":"Villa Sandviken Presentkort - Studio Ticket","isPartOf":{"@id":"https:\/\/www.studioticket.fi\/sv\/#website"},"primaryImageOfPage":{"@id":"https:\/\/www.studioticket.fi\/?post_type=product&p=10556#primaryimage"},"image":{"@id":"https:\/\/www.studioticket.fi\/?post_type=product&p=10556#primaryimage"},"thumbnailUrl":"https:\/\/www.studioticket.fi\/wp-content\/uploads\/2024\/03\/Villa-Sandviken-PK-scaled.jpg","datePublished":"2024-03-18T08:28:43+00:00","dateModified":"2024-03-18T08:28:44+00:00","breadcrumb":{"@id":"https:\/\/www.studioticket.fi\/?post_type=product&p=10556#breadcrumb"},"inLanguage":"sv-SE","potentialAction":[{"@type":"ReadAction","target":["https:\/\/www.studioticket.fi\/?post_type=product&p=10556"]}]},{"@type":"ImageObject","inLanguage":"sv-SE","@id":"https:\/\/www.studioticket.fi\/?post_type=product&p=10556#primaryimage","url":"https:\/\/www.studioticket.fi\/wp-content\/uploads\/2024\/03\/Villa-Sandviken-PK-scaled.jpg","contentUrl":"https:\/\/www.studioticket.fi\/wp-content\/uploads\/2024\/03\/Villa-Sandviken-PK-scaled.jpg","width":2174,"height":2560},{"@type":"BreadcrumbList","@id":"https:\/\/www.studioticket.fi\/?post_type=product&p=10556#breadcrumb","itemListElement":[{"@type":"ListItem","position":1,"name":"Home","item":"https:\/\/www.studioticket.fi\/sv\/"},{"@type":"ListItem","position":2,"name":"Produkter","item":"https:\/\/www.studioticket.fi\/sv\/butik\/"},{"@type":"ListItem","position":3,"name":"Villa Sandviken Presentkort"}]},{"@type":"WebSite","@id":"https:\/\/www.studioticket.fi\/sv\/#website","url":"https:\/\/www.studioticket.fi\/sv\/","name":"Studio Ticket","description":"","potentialAction":[{"@type":"SearchAction","target":{"@type":"EntryPoint","urlTemplate":"https:\/\/www.studioticket.fi\/sv\/?s={search_term_string}"},"query-input":{"@type":"PropertyValueSpecification","valueRequired":true,"valueName":"search_term_string"}}],"inLanguage":"sv-SE"}]}},"_links":{"self":[{"href":"https:\/\/www.studioticket.fi\/sv\/wp-json\/wp\/v2\/product\/10559","targetHints":{"allow":["GET"]}}],"collection":[{"href":"https:\/\/www.studioticket.fi\/sv\/wp-json\/wp\/v2\/product"}],"about":[{"href":"https:\/\/www.studioticket.fi\/sv\/wp-json\/wp\/v2\/types\/product"}],"replies":[{"embeddable":true,"href":"https:\/\/www.studioticket.fi\/sv\/wp-json\/wp\/v2\/comments?post=10559"}],"wp:featuredmedia":[{"embeddable":true,"href":"https:\/\/www.studioticket.fi\/sv\/wp-json\/wp\/v2\/media\/10558"}],"wp:attachment":[{"href":"https:\/\/www.studioticket.fi\/sv\/wp-json\/wp\/v2\/media?parent=10559"}],"wp:term":[{"taxonomy":"product_brand","embeddable":true,"href":"https:\/\/www.studioticket.fi\/sv\/wp-json\/wp\/v2\/product_brand?post=10559"},{"taxonomy":"product_cat","embeddable":true,"href":"https:\/\/www.studioticket.fi\/sv\/wp-json\/wp\/v2\/product_cat?post=10559"},{"taxonomy":"product_tag","embeddable":true,"href":"https:\/\/www.studioticket.fi\/sv\/wp-json\/wp\/v2\/product_tag?post=10559"}],"curies":[{"name":"wp","href":"https:\/\/api.w.org\/{rel}","templated":true}]}}