{"id":10869,"date":"2024-06-18T14:33:47","date_gmt":"2024-06-18T13:16:33","guid":{"rendered":"https:\/\/www.studioticket.fi\/?post_type=product&#038;p=10869"},"modified":"2024-06-18T16:16:34","modified_gmt":"2024-06-18T13:16:34","slug":"vykort","status":"publish","type":"product","link":"https:\/\/www.studioticket.fi\/sv\/produkt\/vykort\/","title":{"rendered":"Vykort"},"content":{"rendered":"<p class=\"western\"><span style=\"color: #000000\"><span style=\"font-family: Arial, serif\"><b>White Open<\/b><\/span><\/span><img loading=\"lazy\" decoding=\"async\" class=\"size-medium wp-image-10864 alignright\" src=\"https:\/\/www.studioticket.fi\/wp-content\/uploads\/2024\/06\/white-open-600x422.jpg\" alt=\"\" width=\"600\" height=\"422\" srcset=\"https:\/\/www.studioticket.fi\/wp-content\/uploads\/2024\/06\/white-open-600x422.jpg 600w, https:\/\/www.studioticket.fi\/wp-content\/uploads\/2024\/06\/white-open-768x540.jpg 768w, https:\/\/www.studioticket.fi\/wp-content\/uploads\/2024\/06\/white-open.jpg 891w\" sizes=\"(max-width: 600px) 100vw, 600px\" \/><\/p>\n<p class=\"western\"><span style=\"font-family: Arial, serif\">Finlands f\u00f6rsta l\u00e4sebibliotek, L\u00e4se-Bibliotheket i Wasa, b\u00f6rjade sin verksamhet i Vasa \u00e5r 1794. L\u00e4se-Biblioteket var Finlands f\u00f6rsta f\u00f6r allm\u00e4nheten gru<\/span><span style=\"font-family: Arial, serif\">n<\/span><span style=\"font-family: Arial, serif\">dat l\u00e5nebibliotek. L\u00e4se-Biblioteket verkade i b\u00f6rjan i Gamla Vasa i Hovvr\u00e4ttens utrymmen. I dag fungerar byggnaden som Korsholms kyrka. Ljuskonstverket White Open, invigt 15.10.2014, hedrar bibliotekets f\u00f6rsta bibliotekarie, hovr\u00e4ttsr\u00e5det Olof Langenstein.<\/span><\/p>\n<p class=\"western\"><span style=\"font-family: Arial, serif\">Jaakko Niemel\u00e4s ljuskonstverk best\u00e5r av tre element: av ett starkt belyst gatuomr\u00e5de, av b\u00e4nkar belysta fr\u00e5n insidan och av bibliotekets upplysta entrefasad.<\/span><\/p>\n<p class=\"western\">\n<p class=\"western\">\n<p>&nbsp;<\/p>\n<p>&nbsp;<\/p>\n<p>&nbsp;<\/p>\n<p><span class=\"description\"><b>Aaveilta \u2013 Sp\u00f6kkv\u00e4ll \u2013 Ghost Evening<\/b><img loading=\"lazy\" decoding=\"async\" class=\"size-medium wp-image-10866 alignright\" src=\"https:\/\/www.studioticket.fi\/wp-content\/uploads\/2024\/06\/Ghost-Evening-434x600.jpg\" alt=\"\" width=\"434\" height=\"600\" srcset=\"https:\/\/www.studioticket.fi\/wp-content\/uploads\/2024\/06\/Ghost-Evening-434x600.jpg 434w, https:\/\/www.studioticket.fi\/wp-content\/uploads\/2024\/06\/Ghost-Evening-768x1061.jpg 768w, https:\/\/www.studioticket.fi\/wp-content\/uploads\/2024\/06\/Ghost-Evening-600x829.jpg 600w, https:\/\/www.studioticket.fi\/wp-content\/uploads\/2024\/06\/Ghost-Evening.jpg 790w\" sizes=\"(max-width: 434px) 100vw, 434px\" \/><\/p>\n<p>by <em>Johanna Ojaharju 2023<\/em><\/span><\/p>\n<p>&nbsp;<\/p>\n<p>&nbsp;<\/p>\n<p>&nbsp;<\/p>\n","protected":false},"excerpt":{"rendered":"<p>White Open Finlands f\u00f6rsta l\u00e4sebibliotek, L\u00e4se-Bibliotheket i Wasa, b\u00f6rjade sin verksamhet i Vasa \u00e5r 1794. L\u00e4se-Biblioteket var Finlands f\u00f6rsta f\u00f6r allm\u00e4nheten grundat l\u00e5nebibliotek. L\u00e4se-Biblioteket verkade i b\u00f6rjan i Gamla Vasa [&hellip;]<\/p>\n","protected":false},"featured_media":10864,"comment_status":"closed","ping_status":"closed","template":"","meta":{"_acf_changed":false},"product_brand":[],"product_cat":[176],"product_tag":[645],"class_list":{"0":"post-10869","1":"product","2":"type-product","3":"status-publish","4":"has-post-thumbnail","6":"product_cat-vasa-produkter","7":"product_tag-vasa-sv","9":"first","10":"instock","11":"shipping-taxable","12":"purchasable","13":"product-type-simple"},"acf":[],"yoast_head":"<!-- This site is optimized with the Yoast SEO plugin v27.3 - https:\/\/yoast.com\/product\/yoast-seo-wordpress\/ -->\n<title>Vykort - Studio Ticket<\/title>\n<meta name=\"robots\" content=\"index, follow, max-snippet:-1, max-image-preview:large, max-video-preview:-1\" \/>\n<link rel=\"canonical\" href=\"https:\/\/www.studioticket.fi\/sv\/produkt\/vykort\/\" \/>\n<meta property=\"og:locale\" content=\"sv_SE\" \/>\n<meta property=\"og:type\" content=\"article\" \/>\n<meta property=\"og:title\" content=\"Vykort - Studio Ticket\" \/>\n<meta property=\"og:description\" content=\"White Open Finlands f\u00f6rsta l\u00e4sebibliotek, L\u00e4se-Bibliotheket i Wasa, b\u00f6rjade sin verksamhet i Vasa \u00e5r 1794. L\u00e4se-Biblioteket var Finlands f\u00f6rsta f\u00f6r allm\u00e4nheten grundat l\u00e5nebibliotek. L\u00e4se-Biblioteket verkade i b\u00f6rjan i Gamla Vasa [&hellip;]\" \/>\n<meta property=\"og:url\" content=\"https:\/\/www.studioticket.fi\/sv\/produkt\/vykort\/\" \/>\n<meta property=\"og:site_name\" content=\"Studio Ticket\" \/>\n<meta property=\"article:modified_time\" content=\"2024-06-18T13:16:34+00:00\" \/>\n<meta property=\"og:image\" content=\"https:\/\/www.studioticket.fi\/wp-content\/uploads\/2024\/06\/white-open-600x422.jpg\" \/>\n<meta name=\"twitter:card\" content=\"summary_large_image\" \/>\n<meta name=\"twitter:label1\" content=\"Ber\u00e4knad l\u00e4stid\" \/>\n\t<meta name=\"twitter:data1\" content=\"1 minut\" \/>\n<script type=\"application\/ld+json\" class=\"yoast-schema-graph\">{\"@context\":\"https:\\\/\\\/schema.org\",\"@graph\":[{\"@type\":\"WebPage\",\"@id\":\"https:\\\/\\\/www.studioticket.fi\\\/sv\\\/produkt\\\/vykort\\\/\",\"url\":\"https:\\\/\\\/www.studioticket.fi\\\/sv\\\/produkt\\\/vykort\\\/\",\"name\":\"Vykort - Studio Ticket\",\"isPartOf\":{\"@id\":\"https:\\\/\\\/www.studioticket.fi\\\/sv\\\/#website\"},\"primaryImageOfPage\":{\"@id\":\"https:\\\/\\\/www.studioticket.fi\\\/sv\\\/produkt\\\/vykort\\\/#primaryimage\"},\"image\":{\"@id\":\"https:\\\/\\\/www.studioticket.fi\\\/sv\\\/produkt\\\/vykort\\\/#primaryimage\"},\"thumbnailUrl\":\"https:\\\/\\\/www.studioticket.fi\\\/wp-content\\\/uploads\\\/2024\\\/06\\\/white-open.jpg\",\"datePublished\":\"2024-06-18T13:16:33+00:00\",\"dateModified\":\"2024-06-18T13:16:34+00:00\",\"breadcrumb\":{\"@id\":\"https:\\\/\\\/www.studioticket.fi\\\/sv\\\/produkt\\\/vykort\\\/#breadcrumb\"},\"inLanguage\":\"sv-SE\",\"potentialAction\":[{\"@type\":\"ReadAction\",\"target\":[\"https:\\\/\\\/www.studioticket.fi\\\/sv\\\/produkt\\\/vykort\\\/\"]}]},{\"@type\":\"ImageObject\",\"inLanguage\":\"sv-SE\",\"@id\":\"https:\\\/\\\/www.studioticket.fi\\\/sv\\\/produkt\\\/vykort\\\/#primaryimage\",\"url\":\"https:\\\/\\\/www.studioticket.fi\\\/wp-content\\\/uploads\\\/2024\\\/06\\\/white-open.jpg\",\"contentUrl\":\"https:\\\/\\\/www.studioticket.fi\\\/wp-content\\\/uploads\\\/2024\\\/06\\\/white-open.jpg\",\"width\":891,\"height\":626},{\"@type\":\"BreadcrumbList\",\"@id\":\"https:\\\/\\\/www.studioticket.fi\\\/sv\\\/produkt\\\/vykort\\\/#breadcrumb\",\"itemListElement\":[{\"@type\":\"ListItem\",\"position\":1,\"name\":\"Home\",\"item\":\"https:\\\/\\\/www.studioticket.fi\\\/sv\\\/\"},{\"@type\":\"ListItem\",\"position\":2,\"name\":\"Produkter\",\"item\":\"https:\\\/\\\/www.studioticket.fi\\\/sv\\\/butik\\\/\"},{\"@type\":\"ListItem\",\"position\":3,\"name\":\"Vykort\"}]},{\"@type\":\"WebSite\",\"@id\":\"https:\\\/\\\/www.studioticket.fi\\\/sv\\\/#website\",\"url\":\"https:\\\/\\\/www.studioticket.fi\\\/sv\\\/\",\"name\":\"Studio Ticket\",\"description\":\"\",\"potentialAction\":[{\"@type\":\"SearchAction\",\"target\":{\"@type\":\"EntryPoint\",\"urlTemplate\":\"https:\\\/\\\/www.studioticket.fi\\\/sv\\\/?s={search_term_string}\"},\"query-input\":{\"@type\":\"PropertyValueSpecification\",\"valueRequired\":true,\"valueName\":\"search_term_string\"}}],\"inLanguage\":\"sv-SE\"}]}<\/script>\n<!-- \/ Yoast SEO plugin. -->","yoast_head_json":{"title":"Vykort - Studio Ticket","robots":{"index":"index","follow":"follow","max-snippet":"max-snippet:-1","max-image-preview":"max-image-preview:large","max-video-preview":"max-video-preview:-1"},"canonical":"https:\/\/www.studioticket.fi\/sv\/produkt\/vykort\/","og_locale":"sv_SE","og_type":"article","og_title":"Vykort - Studio Ticket","og_description":"White Open Finlands f\u00f6rsta l\u00e4sebibliotek, L\u00e4se-Bibliotheket i Wasa, b\u00f6rjade sin verksamhet i Vasa \u00e5r 1794. L\u00e4se-Biblioteket var Finlands f\u00f6rsta f\u00f6r allm\u00e4nheten grundat l\u00e5nebibliotek. L\u00e4se-Biblioteket verkade i b\u00f6rjan i Gamla Vasa [&hellip;]","og_url":"https:\/\/www.studioticket.fi\/sv\/produkt\/vykort\/","og_site_name":"Studio Ticket","article_modified_time":"2024-06-18T13:16:34+00:00","og_image":[{"url":"https:\/\/www.studioticket.fi\/wp-content\/uploads\/2024\/06\/white-open-600x422.jpg","type":"","width":"","height":""}],"twitter_card":"summary_large_image","twitter_misc":{"Ber\u00e4knad l\u00e4stid":"1 minut"},"schema":{"@context":"https:\/\/schema.org","@graph":[{"@type":"WebPage","@id":"https:\/\/www.studioticket.fi\/sv\/produkt\/vykort\/","url":"https:\/\/www.studioticket.fi\/sv\/produkt\/vykort\/","name":"Vykort - Studio Ticket","isPartOf":{"@id":"https:\/\/www.studioticket.fi\/sv\/#website"},"primaryImageOfPage":{"@id":"https:\/\/www.studioticket.fi\/sv\/produkt\/vykort\/#primaryimage"},"image":{"@id":"https:\/\/www.studioticket.fi\/sv\/produkt\/vykort\/#primaryimage"},"thumbnailUrl":"https:\/\/www.studioticket.fi\/wp-content\/uploads\/2024\/06\/white-open.jpg","datePublished":"2024-06-18T13:16:33+00:00","dateModified":"2024-06-18T13:16:34+00:00","breadcrumb":{"@id":"https:\/\/www.studioticket.fi\/sv\/produkt\/vykort\/#breadcrumb"},"inLanguage":"sv-SE","potentialAction":[{"@type":"ReadAction","target":["https:\/\/www.studioticket.fi\/sv\/produkt\/vykort\/"]}]},{"@type":"ImageObject","inLanguage":"sv-SE","@id":"https:\/\/www.studioticket.fi\/sv\/produkt\/vykort\/#primaryimage","url":"https:\/\/www.studioticket.fi\/wp-content\/uploads\/2024\/06\/white-open.jpg","contentUrl":"https:\/\/www.studioticket.fi\/wp-content\/uploads\/2024\/06\/white-open.jpg","width":891,"height":626},{"@type":"BreadcrumbList","@id":"https:\/\/www.studioticket.fi\/sv\/produkt\/vykort\/#breadcrumb","itemListElement":[{"@type":"ListItem","position":1,"name":"Home","item":"https:\/\/www.studioticket.fi\/sv\/"},{"@type":"ListItem","position":2,"name":"Produkter","item":"https:\/\/www.studioticket.fi\/sv\/butik\/"},{"@type":"ListItem","position":3,"name":"Vykort"}]},{"@type":"WebSite","@id":"https:\/\/www.studioticket.fi\/sv\/#website","url":"https:\/\/www.studioticket.fi\/sv\/","name":"Studio Ticket","description":"","potentialAction":[{"@type":"SearchAction","target":{"@type":"EntryPoint","urlTemplate":"https:\/\/www.studioticket.fi\/sv\/?s={search_term_string}"},"query-input":{"@type":"PropertyValueSpecification","valueRequired":true,"valueName":"search_term_string"}}],"inLanguage":"sv-SE"}]}},"_links":{"self":[{"href":"https:\/\/www.studioticket.fi\/sv\/wp-json\/wp\/v2\/product\/10869","targetHints":{"allow":["GET"]}}],"collection":[{"href":"https:\/\/www.studioticket.fi\/sv\/wp-json\/wp\/v2\/product"}],"about":[{"href":"https:\/\/www.studioticket.fi\/sv\/wp-json\/wp\/v2\/types\/product"}],"replies":[{"embeddable":true,"href":"https:\/\/www.studioticket.fi\/sv\/wp-json\/wp\/v2\/comments?post=10869"}],"wp:featuredmedia":[{"embeddable":true,"href":"https:\/\/www.studioticket.fi\/sv\/wp-json\/wp\/v2\/media\/10864"}],"wp:attachment":[{"href":"https:\/\/www.studioticket.fi\/sv\/wp-json\/wp\/v2\/media?parent=10869"}],"wp:term":[{"taxonomy":"product_brand","embeddable":true,"href":"https:\/\/www.studioticket.fi\/sv\/wp-json\/wp\/v2\/product_brand?post=10869"},{"taxonomy":"product_cat","embeddable":true,"href":"https:\/\/www.studioticket.fi\/sv\/wp-json\/wp\/v2\/product_cat?post=10869"},{"taxonomy":"product_tag","embeddable":true,"href":"https:\/\/www.studioticket.fi\/sv\/wp-json\/wp\/v2\/product_tag?post=10869"}],"curies":[{"name":"wp","href":"https:\/\/api.w.org\/{rel}","templated":true}]}}