{"id":11409,"date":"2024-12-12T12:31:08","date_gmt":"2024-12-12T10:31:08","guid":{"rendered":"https:\/\/www.studioticket.fi\/?post_type=product&#038;p=11409"},"modified":"2024-12-20T17:03:43","modified_gmt":"2024-12-20T15:03:43","slug":"shopping-vasas-presentkort","status":"publish","type":"product","link":"https:\/\/www.studioticket.fi\/sv\/produkt\/shopping-vasas-presentkort\/","title":{"rendered":"Shopping Vasas Presentkort"},"content":{"rendered":"<p>Shopping Vasas presentkort \u00e4r det perfekta valet n\u00e4r du vill ge en g\u00e5va full av m\u00f6jligheter! Med detta kort kan du betala i 50 olika butiker och f\u00f6retag i Vasa. Presentkortet erbjuder allt fr\u00e5n mode till l\u00e4ckra matupplevelser och unika tj\u00e4nster. Du kan anv\u00e4nda kortet flera g\u00e5nger i alla anslutna butiker.<\/p>\n<p>OBS! endast kortbetalning!<\/p>\n<p>mer info:<\/p>\n<p><a href=\"https:\/\/www.vaasa.fi\/sv\/se-och-upplev\/shopping-vaasa\/shopping-vaasa-presentkort\/\">https:\/\/www.vaasa.fi\/sv\/se-och-upplev\/shopping-vaasa\/shopping-vaasa-presentkort\/<\/a><\/p>\n<p>&nbsp;<\/p>\n<p class=\"content-heading hyphen\">Fr\u00e5gor &amp; Svar:<\/p>\n<p><a href=\"https:\/\/www.vaasa.fi\/sv\/se-och-upplev\/shopping-vaasa\/usein-kysytyt-kysymykset\/\">https:\/\/www.vaasa.fi\/sv\/se-och-upplev\/shopping-vaasa\/usein-kysytyt-kysymykset\/<\/a><\/p>\n","protected":false},"excerpt":{"rendered":"<p>Shopping Vasas presentkort \u00e4r det perfekta valet n\u00e4r du vill ge en g\u00e5va full av m\u00f6jligheter! Med detta kort kan du betala i 50 olika butiker och f\u00f6retag i Vasa. [&hellip;]<\/p>\n","protected":false},"featured_media":11410,"comment_status":"closed","ping_status":"closed","template":"","meta":{"_acf_changed":false},"product_brand":[],"product_cat":[175,176],"product_tag":[1218],"class_list":{"0":"post-11409","1":"product","2":"type-product","3":"status-publish","4":"has-post-thumbnail","6":"product_cat-presentkort","7":"product_cat-vasa-produkter","8":"product_tag-presentkort","10":"first","11":"instock","12":"shipping-taxable","13":"product-type-simple"},"acf":[],"yoast_head":"<!-- This site is optimized with the Yoast SEO plugin v27.4 - https:\/\/yoast.com\/product\/yoast-seo-wordpress\/ -->\n<title>Shopping Vasas Presentkort - Studio Ticket<\/title>\n<meta name=\"robots\" content=\"index, follow, max-snippet:-1, max-image-preview:large, max-video-preview:-1\" \/>\n<link rel=\"canonical\" href=\"https:\/\/www.studioticket.fi\/sv\/produkt\/shopping-vasas-presentkort\/\" \/>\n<meta property=\"og:locale\" content=\"sv_SE\" \/>\n<meta property=\"og:type\" content=\"article\" \/>\n<meta property=\"og:title\" content=\"Shopping Vasas Presentkort - Studio Ticket\" \/>\n<meta property=\"og:description\" content=\"Shopping Vasas presentkort \u00e4r det perfekta valet n\u00e4r du vill ge en g\u00e5va full av m\u00f6jligheter! Med detta kort kan du betala i 50 olika butiker och f\u00f6retag i Vasa. [&hellip;]\" \/>\n<meta property=\"og:url\" content=\"https:\/\/www.studioticket.fi\/sv\/produkt\/shopping-vasas-presentkort\/\" \/>\n<meta property=\"og:site_name\" content=\"Studio Ticket\" \/>\n<meta property=\"article:modified_time\" content=\"2024-12-20T15:03:43+00:00\" \/>\n<meta property=\"og:image\" content=\"https:\/\/www.studioticket.fi\/wp-content\/uploads\/2024\/12\/934f39b5-microsoftteams-image-5-1920x1280-1.jpg\" \/>\n\t<meta property=\"og:image:width\" content=\"1920\" \/>\n\t<meta property=\"og:image:height\" content=\"1280\" \/>\n\t<meta property=\"og:image:type\" content=\"image\/jpeg\" \/>\n<meta name=\"twitter:card\" content=\"summary_large_image\" \/>\n<meta name=\"twitter:label1\" content=\"Ber\u00e4knad l\u00e4stid\" \/>\n\t<meta name=\"twitter:data1\" content=\"1 minut\" \/>\n<script type=\"application\/ld+json\" class=\"yoast-schema-graph\">{\"@context\":\"https:\\\/\\\/schema.org\",\"@graph\":[{\"@type\":\"WebPage\",\"@id\":\"https:\\\/\\\/www.studioticket.fi\\\/sv\\\/produkt\\\/shopping-vasas-presentkort\\\/\",\"url\":\"https:\\\/\\\/www.studioticket.fi\\\/sv\\\/produkt\\\/shopping-vasas-presentkort\\\/\",\"name\":\"Shopping Vasas Presentkort - Studio Ticket\",\"isPartOf\":{\"@id\":\"https:\\\/\\\/www.studioticket.fi\\\/sv\\\/#website\"},\"primaryImageOfPage\":{\"@id\":\"https:\\\/\\\/www.studioticket.fi\\\/sv\\\/produkt\\\/shopping-vasas-presentkort\\\/#primaryimage\"},\"image\":{\"@id\":\"https:\\\/\\\/www.studioticket.fi\\\/sv\\\/produkt\\\/shopping-vasas-presentkort\\\/#primaryimage\"},\"thumbnailUrl\":\"https:\\\/\\\/www.studioticket.fi\\\/wp-content\\\/uploads\\\/2024\\\/12\\\/934f39b5-microsoftteams-image-5-1920x1280-1.jpg\",\"datePublished\":\"2024-12-12T10:31:08+00:00\",\"dateModified\":\"2024-12-20T15:03:43+00:00\",\"breadcrumb\":{\"@id\":\"https:\\\/\\\/www.studioticket.fi\\\/sv\\\/produkt\\\/shopping-vasas-presentkort\\\/#breadcrumb\"},\"inLanguage\":\"sv-SE\",\"potentialAction\":[{\"@type\":\"ReadAction\",\"target\":[\"https:\\\/\\\/www.studioticket.fi\\\/sv\\\/produkt\\\/shopping-vasas-presentkort\\\/\"]}]},{\"@type\":\"ImageObject\",\"inLanguage\":\"sv-SE\",\"@id\":\"https:\\\/\\\/www.studioticket.fi\\\/sv\\\/produkt\\\/shopping-vasas-presentkort\\\/#primaryimage\",\"url\":\"https:\\\/\\\/www.studioticket.fi\\\/wp-content\\\/uploads\\\/2024\\\/12\\\/934f39b5-microsoftteams-image-5-1920x1280-1.jpg\",\"contentUrl\":\"https:\\\/\\\/www.studioticket.fi\\\/wp-content\\\/uploads\\\/2024\\\/12\\\/934f39b5-microsoftteams-image-5-1920x1280-1.jpg\",\"width\":1920,\"height\":1280},{\"@type\":\"BreadcrumbList\",\"@id\":\"https:\\\/\\\/www.studioticket.fi\\\/sv\\\/produkt\\\/shopping-vasas-presentkort\\\/#breadcrumb\",\"itemListElement\":[{\"@type\":\"ListItem\",\"position\":1,\"name\":\"Home\",\"item\":\"https:\\\/\\\/www.studioticket.fi\\\/sv\\\/\"},{\"@type\":\"ListItem\",\"position\":2,\"name\":\"Produkter\",\"item\":\"https:\\\/\\\/www.studioticket.fi\\\/sv\\\/butik\\\/\"},{\"@type\":\"ListItem\",\"position\":3,\"name\":\"Shopping Vasas Presentkort\"}]},{\"@type\":\"WebSite\",\"@id\":\"https:\\\/\\\/www.studioticket.fi\\\/sv\\\/#website\",\"url\":\"https:\\\/\\\/www.studioticket.fi\\\/sv\\\/\",\"name\":\"Studio Ticket\",\"description\":\"\",\"potentialAction\":[{\"@type\":\"SearchAction\",\"target\":{\"@type\":\"EntryPoint\",\"urlTemplate\":\"https:\\\/\\\/www.studioticket.fi\\\/sv\\\/?s={search_term_string}\"},\"query-input\":{\"@type\":\"PropertyValueSpecification\",\"valueRequired\":true,\"valueName\":\"search_term_string\"}}],\"inLanguage\":\"sv-SE\"}]}<\/script>\n<!-- \/ Yoast SEO plugin. -->","yoast_head_json":{"title":"Shopping Vasas Presentkort - Studio Ticket","robots":{"index":"index","follow":"follow","max-snippet":"max-snippet:-1","max-image-preview":"max-image-preview:large","max-video-preview":"max-video-preview:-1"},"canonical":"https:\/\/www.studioticket.fi\/sv\/produkt\/shopping-vasas-presentkort\/","og_locale":"sv_SE","og_type":"article","og_title":"Shopping Vasas Presentkort - Studio Ticket","og_description":"Shopping Vasas presentkort \u00e4r det perfekta valet n\u00e4r du vill ge en g\u00e5va full av m\u00f6jligheter! Med detta kort kan du betala i 50 olika butiker och f\u00f6retag i Vasa. [&hellip;]","og_url":"https:\/\/www.studioticket.fi\/sv\/produkt\/shopping-vasas-presentkort\/","og_site_name":"Studio Ticket","article_modified_time":"2024-12-20T15:03:43+00:00","og_image":[{"width":1920,"height":1280,"url":"https:\/\/www.studioticket.fi\/wp-content\/uploads\/2024\/12\/934f39b5-microsoftteams-image-5-1920x1280-1.jpg","type":"image\/jpeg"}],"twitter_card":"summary_large_image","twitter_misc":{"Ber\u00e4knad l\u00e4stid":"1 minut"},"schema":{"@context":"https:\/\/schema.org","@graph":[{"@type":"WebPage","@id":"https:\/\/www.studioticket.fi\/sv\/produkt\/shopping-vasas-presentkort\/","url":"https:\/\/www.studioticket.fi\/sv\/produkt\/shopping-vasas-presentkort\/","name":"Shopping Vasas Presentkort - Studio Ticket","isPartOf":{"@id":"https:\/\/www.studioticket.fi\/sv\/#website"},"primaryImageOfPage":{"@id":"https:\/\/www.studioticket.fi\/sv\/produkt\/shopping-vasas-presentkort\/#primaryimage"},"image":{"@id":"https:\/\/www.studioticket.fi\/sv\/produkt\/shopping-vasas-presentkort\/#primaryimage"},"thumbnailUrl":"https:\/\/www.studioticket.fi\/wp-content\/uploads\/2024\/12\/934f39b5-microsoftteams-image-5-1920x1280-1.jpg","datePublished":"2024-12-12T10:31:08+00:00","dateModified":"2024-12-20T15:03:43+00:00","breadcrumb":{"@id":"https:\/\/www.studioticket.fi\/sv\/produkt\/shopping-vasas-presentkort\/#breadcrumb"},"inLanguage":"sv-SE","potentialAction":[{"@type":"ReadAction","target":["https:\/\/www.studioticket.fi\/sv\/produkt\/shopping-vasas-presentkort\/"]}]},{"@type":"ImageObject","inLanguage":"sv-SE","@id":"https:\/\/www.studioticket.fi\/sv\/produkt\/shopping-vasas-presentkort\/#primaryimage","url":"https:\/\/www.studioticket.fi\/wp-content\/uploads\/2024\/12\/934f39b5-microsoftteams-image-5-1920x1280-1.jpg","contentUrl":"https:\/\/www.studioticket.fi\/wp-content\/uploads\/2024\/12\/934f39b5-microsoftteams-image-5-1920x1280-1.jpg","width":1920,"height":1280},{"@type":"BreadcrumbList","@id":"https:\/\/www.studioticket.fi\/sv\/produkt\/shopping-vasas-presentkort\/#breadcrumb","itemListElement":[{"@type":"ListItem","position":1,"name":"Home","item":"https:\/\/www.studioticket.fi\/sv\/"},{"@type":"ListItem","position":2,"name":"Produkter","item":"https:\/\/www.studioticket.fi\/sv\/butik\/"},{"@type":"ListItem","position":3,"name":"Shopping Vasas Presentkort"}]},{"@type":"WebSite","@id":"https:\/\/www.studioticket.fi\/sv\/#website","url":"https:\/\/www.studioticket.fi\/sv\/","name":"Studio Ticket","description":"","potentialAction":[{"@type":"SearchAction","target":{"@type":"EntryPoint","urlTemplate":"https:\/\/www.studioticket.fi\/sv\/?s={search_term_string}"},"query-input":{"@type":"PropertyValueSpecification","valueRequired":true,"valueName":"search_term_string"}}],"inLanguage":"sv-SE"}]}},"_links":{"self":[{"href":"https:\/\/www.studioticket.fi\/sv\/wp-json\/wp\/v2\/product\/11409","targetHints":{"allow":["GET"]}}],"collection":[{"href":"https:\/\/www.studioticket.fi\/sv\/wp-json\/wp\/v2\/product"}],"about":[{"href":"https:\/\/www.studioticket.fi\/sv\/wp-json\/wp\/v2\/types\/product"}],"replies":[{"embeddable":true,"href":"https:\/\/www.studioticket.fi\/sv\/wp-json\/wp\/v2\/comments?post=11409"}],"wp:featuredmedia":[{"embeddable":true,"href":"https:\/\/www.studioticket.fi\/sv\/wp-json\/wp\/v2\/media\/11410"}],"wp:attachment":[{"href":"https:\/\/www.studioticket.fi\/sv\/wp-json\/wp\/v2\/media?parent=11409"}],"wp:term":[{"taxonomy":"product_brand","embeddable":true,"href":"https:\/\/www.studioticket.fi\/sv\/wp-json\/wp\/v2\/product_brand?post=11409"},{"taxonomy":"product_cat","embeddable":true,"href":"https:\/\/www.studioticket.fi\/sv\/wp-json\/wp\/v2\/product_cat?post=11409"},{"taxonomy":"product_tag","embeddable":true,"href":"https:\/\/www.studioticket.fi\/sv\/wp-json\/wp\/v2\/product_tag?post=11409"}],"curies":[{"name":"wp","href":"https:\/\/api.w.org\/{rel}","templated":true}]}}