{"id":1667,"date":"2018-02-27T23:48:52","date_gmt":"2018-02-27T21:48:52","guid":{"rendered":"https:\/\/www.studioticket.fi\/product\/studio-ticket-presentkort\/"},"modified":"2024-12-27T09:31:50","modified_gmt":"2024-12-27T07:31:50","slug":"studio-ticket-presentkort","status":"publish","type":"product","link":"https:\/\/www.studioticket.fi\/sv\/produkt\/studio-ticket-presentkort\/","title":{"rendered":"Studio Ticket presentkort"},"content":{"rendered":"<div dir=\"auto\">Har du fortfarande kvar din kulturf\u00f6rm\u00e5n? <span class=\"x3nfvp2 x1j61x8r x1fcty0u xdj266r xhhsvwb xat24cr xgzva0m xxymvpz xlup9mm x1kky2od\"><img loading=\"lazy\" decoding=\"async\" class=\"xz74otr\" src=\"https:\/\/static.xx.fbcdn.net\/images\/emoji.php\/v9\/t73\/1\/16\/1f979.png\" alt=\"\ud83e\udd79\" width=\"16\" height=\"16\" \/><\/span><\/div>\n<div dir=\"auto\"><\/div>\n<div class=\"x78zum5 xdt5ytf xz62fqu x16ldp7u\">\n<div class=\"xu06os2 x1ok221b\">\n<div class=\"x11i5rnm xat24cr x1mh8g0r x1vvkbs xtlvy1s x126k92a\">\n<div dir=\"auto\">K\u00f6p upplevelser f\u00f6r n\u00e4sta \u00e5r i form av ett Studio Ticket presentkort.<\/div>\n<div dir=\"auto\">Utnyttja den exceptionella f\u00f6rm\u00e5nen, du kan nu k\u00f6pa ett presentkort till dig sj\u00e4lv med kulturf\u00f6rm\u00e5ner som E-Passi, Tyky+, Smartum, Edenred.<\/div>\n<div dir=\"auto\">F\u00f6rm\u00e5nen kan endast k\u00f6pas fr\u00e5n Studio Tickets kontor.<\/div>\n<div dir=\"auto\">Presentkortet \u00e4r i kraft ett \u00e5r fr\u00e5n k\u00f6pdatumet.<\/div>\n<div dir=\"auto\"><\/div>\n<\/div>\n<\/div>\n<\/div>\n","protected":false},"excerpt":{"rendered":"<p>Presentkort till Studio Ticket \u00e4r en utm\u00e4rkt g\u00e5va!<\/p>\n","protected":false},"featured_media":1003,"comment_status":"closed","ping_status":"closed","template":"","meta":{"_acf_changed":false},"product_brand":[],"product_cat":[175],"product_tag":[],"class_list":{"0":"post-1667","1":"product","2":"type-product","3":"status-publish","4":"has-post-thumbnail","6":"product_cat-presentkort","8":"first","9":"instock","10":"shipping-taxable","11":"product-type-simple"},"acf":[],"yoast_head":"<!-- This site is optimized with the Yoast SEO plugin v27.4 - https:\/\/yoast.com\/product\/yoast-seo-wordpress\/ -->\n<title>Studio Ticket presentkort - Studio Ticket<\/title>\n<meta name=\"robots\" content=\"index, follow, max-snippet:-1, max-image-preview:large, max-video-preview:-1\" \/>\n<link rel=\"canonical\" href=\"https:\/\/www.studioticket.fi\/sv\/produkt\/studio-ticket-presentkort\/\" \/>\n<meta property=\"og:locale\" content=\"sv_SE\" \/>\n<meta property=\"og:type\" content=\"article\" \/>\n<meta property=\"og:title\" content=\"Studio Ticket presentkort - Studio Ticket\" \/>\n<meta property=\"og:description\" content=\"Presentkort till Studio Ticket \u00e4r en utm\u00e4rkt g\u00e5va!\" \/>\n<meta property=\"og:url\" content=\"https:\/\/www.studioticket.fi\/sv\/produkt\/studio-ticket-presentkort\/\" \/>\n<meta property=\"og:site_name\" content=\"Studio Ticket\" \/>\n<meta property=\"article:modified_time\" content=\"2024-12-27T07:31:50+00:00\" \/>\n<meta property=\"og:image\" content=\"https:\/\/www.studioticket.fi\/wp-content\/uploads\/2017\/12\/st-fb.png\" \/>\n\t<meta property=\"og:image:width\" content=\"682\" \/>\n\t<meta property=\"og:image:height\" content=\"682\" \/>\n\t<meta property=\"og:image:type\" content=\"image\/png\" \/>\n<meta name=\"twitter:card\" content=\"summary_large_image\" \/>\n<meta name=\"twitter:label1\" content=\"Ber\u00e4knad l\u00e4stid\" \/>\n\t<meta name=\"twitter:data1\" content=\"1 minut\" \/>\n<script type=\"application\/ld+json\" class=\"yoast-schema-graph\">{\"@context\":\"https:\\\/\\\/schema.org\",\"@graph\":[{\"@type\":\"WebPage\",\"@id\":\"https:\\\/\\\/www.studioticket.fi\\\/sv\\\/produkt\\\/studio-ticket-presentkort\\\/\",\"url\":\"https:\\\/\\\/www.studioticket.fi\\\/sv\\\/produkt\\\/studio-ticket-presentkort\\\/\",\"name\":\"Studio Ticket presentkort - Studio Ticket\",\"isPartOf\":{\"@id\":\"https:\\\/\\\/www.studioticket.fi\\\/sv\\\/#website\"},\"primaryImageOfPage\":{\"@id\":\"https:\\\/\\\/www.studioticket.fi\\\/sv\\\/produkt\\\/studio-ticket-presentkort\\\/#primaryimage\"},\"image\":{\"@id\":\"https:\\\/\\\/www.studioticket.fi\\\/sv\\\/produkt\\\/studio-ticket-presentkort\\\/#primaryimage\"},\"thumbnailUrl\":\"https:\\\/\\\/www.studioticket.fi\\\/wp-content\\\/uploads\\\/2017\\\/12\\\/st-fb.png\",\"datePublished\":\"2018-02-27T21:48:52+00:00\",\"dateModified\":\"2024-12-27T07:31:50+00:00\",\"breadcrumb\":{\"@id\":\"https:\\\/\\\/www.studioticket.fi\\\/sv\\\/produkt\\\/studio-ticket-presentkort\\\/#breadcrumb\"},\"inLanguage\":\"sv-SE\",\"potentialAction\":[{\"@type\":\"ReadAction\",\"target\":[\"https:\\\/\\\/www.studioticket.fi\\\/sv\\\/produkt\\\/studio-ticket-presentkort\\\/\"]}]},{\"@type\":\"ImageObject\",\"inLanguage\":\"sv-SE\",\"@id\":\"https:\\\/\\\/www.studioticket.fi\\\/sv\\\/produkt\\\/studio-ticket-presentkort\\\/#primaryimage\",\"url\":\"https:\\\/\\\/www.studioticket.fi\\\/wp-content\\\/uploads\\\/2017\\\/12\\\/st-fb.png\",\"contentUrl\":\"https:\\\/\\\/www.studioticket.fi\\\/wp-content\\\/uploads\\\/2017\\\/12\\\/st-fb.png\",\"width\":682,\"height\":682},{\"@type\":\"BreadcrumbList\",\"@id\":\"https:\\\/\\\/www.studioticket.fi\\\/sv\\\/produkt\\\/studio-ticket-presentkort\\\/#breadcrumb\",\"itemListElement\":[{\"@type\":\"ListItem\",\"position\":1,\"name\":\"Home\",\"item\":\"https:\\\/\\\/www.studioticket.fi\\\/sv\\\/\"},{\"@type\":\"ListItem\",\"position\":2,\"name\":\"Produkter\",\"item\":\"https:\\\/\\\/www.studioticket.fi\\\/sv\\\/butik\\\/\"},{\"@type\":\"ListItem\",\"position\":3,\"name\":\"Studio Ticket presentkort\"}]},{\"@type\":\"WebSite\",\"@id\":\"https:\\\/\\\/www.studioticket.fi\\\/sv\\\/#website\",\"url\":\"https:\\\/\\\/www.studioticket.fi\\\/sv\\\/\",\"name\":\"Studio Ticket\",\"description\":\"\",\"potentialAction\":[{\"@type\":\"SearchAction\",\"target\":{\"@type\":\"EntryPoint\",\"urlTemplate\":\"https:\\\/\\\/www.studioticket.fi\\\/sv\\\/?s={search_term_string}\"},\"query-input\":{\"@type\":\"PropertyValueSpecification\",\"valueRequired\":true,\"valueName\":\"search_term_string\"}}],\"inLanguage\":\"sv-SE\"}]}<\/script>\n<!-- \/ Yoast SEO plugin. -->","yoast_head_json":{"title":"Studio Ticket presentkort - Studio Ticket","robots":{"index":"index","follow":"follow","max-snippet":"max-snippet:-1","max-image-preview":"max-image-preview:large","max-video-preview":"max-video-preview:-1"},"canonical":"https:\/\/www.studioticket.fi\/sv\/produkt\/studio-ticket-presentkort\/","og_locale":"sv_SE","og_type":"article","og_title":"Studio Ticket presentkort - Studio Ticket","og_description":"Presentkort till Studio Ticket \u00e4r en utm\u00e4rkt g\u00e5va!","og_url":"https:\/\/www.studioticket.fi\/sv\/produkt\/studio-ticket-presentkort\/","og_site_name":"Studio Ticket","article_modified_time":"2024-12-27T07:31:50+00:00","og_image":[{"width":682,"height":682,"url":"https:\/\/www.studioticket.fi\/wp-content\/uploads\/2017\/12\/st-fb.png","type":"image\/png"}],"twitter_card":"summary_large_image","twitter_misc":{"Ber\u00e4knad l\u00e4stid":"1 minut"},"schema":{"@context":"https:\/\/schema.org","@graph":[{"@type":"WebPage","@id":"https:\/\/www.studioticket.fi\/sv\/produkt\/studio-ticket-presentkort\/","url":"https:\/\/www.studioticket.fi\/sv\/produkt\/studio-ticket-presentkort\/","name":"Studio Ticket presentkort - Studio Ticket","isPartOf":{"@id":"https:\/\/www.studioticket.fi\/sv\/#website"},"primaryImageOfPage":{"@id":"https:\/\/www.studioticket.fi\/sv\/produkt\/studio-ticket-presentkort\/#primaryimage"},"image":{"@id":"https:\/\/www.studioticket.fi\/sv\/produkt\/studio-ticket-presentkort\/#primaryimage"},"thumbnailUrl":"https:\/\/www.studioticket.fi\/wp-content\/uploads\/2017\/12\/st-fb.png","datePublished":"2018-02-27T21:48:52+00:00","dateModified":"2024-12-27T07:31:50+00:00","breadcrumb":{"@id":"https:\/\/www.studioticket.fi\/sv\/produkt\/studio-ticket-presentkort\/#breadcrumb"},"inLanguage":"sv-SE","potentialAction":[{"@type":"ReadAction","target":["https:\/\/www.studioticket.fi\/sv\/produkt\/studio-ticket-presentkort\/"]}]},{"@type":"ImageObject","inLanguage":"sv-SE","@id":"https:\/\/www.studioticket.fi\/sv\/produkt\/studio-ticket-presentkort\/#primaryimage","url":"https:\/\/www.studioticket.fi\/wp-content\/uploads\/2017\/12\/st-fb.png","contentUrl":"https:\/\/www.studioticket.fi\/wp-content\/uploads\/2017\/12\/st-fb.png","width":682,"height":682},{"@type":"BreadcrumbList","@id":"https:\/\/www.studioticket.fi\/sv\/produkt\/studio-ticket-presentkort\/#breadcrumb","itemListElement":[{"@type":"ListItem","position":1,"name":"Home","item":"https:\/\/www.studioticket.fi\/sv\/"},{"@type":"ListItem","position":2,"name":"Produkter","item":"https:\/\/www.studioticket.fi\/sv\/butik\/"},{"@type":"ListItem","position":3,"name":"Studio Ticket presentkort"}]},{"@type":"WebSite","@id":"https:\/\/www.studioticket.fi\/sv\/#website","url":"https:\/\/www.studioticket.fi\/sv\/","name":"Studio Ticket","description":"","potentialAction":[{"@type":"SearchAction","target":{"@type":"EntryPoint","urlTemplate":"https:\/\/www.studioticket.fi\/sv\/?s={search_term_string}"},"query-input":{"@type":"PropertyValueSpecification","valueRequired":true,"valueName":"search_term_string"}}],"inLanguage":"sv-SE"}]}},"_links":{"self":[{"href":"https:\/\/www.studioticket.fi\/sv\/wp-json\/wp\/v2\/product\/1667","targetHints":{"allow":["GET"]}}],"collection":[{"href":"https:\/\/www.studioticket.fi\/sv\/wp-json\/wp\/v2\/product"}],"about":[{"href":"https:\/\/www.studioticket.fi\/sv\/wp-json\/wp\/v2\/types\/product"}],"replies":[{"embeddable":true,"href":"https:\/\/www.studioticket.fi\/sv\/wp-json\/wp\/v2\/comments?post=1667"}],"wp:featuredmedia":[{"embeddable":true,"href":"https:\/\/www.studioticket.fi\/sv\/wp-json\/wp\/v2\/media\/1003"}],"wp:attachment":[{"href":"https:\/\/www.studioticket.fi\/sv\/wp-json\/wp\/v2\/media?parent=1667"}],"wp:term":[{"taxonomy":"product_brand","embeddable":true,"href":"https:\/\/www.studioticket.fi\/sv\/wp-json\/wp\/v2\/product_brand?post=1667"},{"taxonomy":"product_cat","embeddable":true,"href":"https:\/\/www.studioticket.fi\/sv\/wp-json\/wp\/v2\/product_cat?post=1667"},{"taxonomy":"product_tag","embeddable":true,"href":"https:\/\/www.studioticket.fi\/sv\/wp-json\/wp\/v2\/product_tag?post=1667"}],"curies":[{"name":"wp","href":"https:\/\/api.w.org\/{rel}","templated":true}]}}