{"id":7472,"date":"2021-01-22T11:37:49","date_gmt":"2021-01-22T09:37:49","guid":{"rendered":"https:\/\/www.studioticket.fi\/product\/earthly-angels-la-reveuse\/"},"modified":"2021-01-22T11:41:45","modified_gmt":"2021-01-22T09:41:45","slug":"earthly-angels-la-reveuse","status":"publish","type":"product","link":"https:\/\/www.studioticket.fi\/sv\/produkt\/earthly-angels-la-reveuse\/","title":{"rendered":"Earthly Angels LA R\u00c9VEUSE"},"content":{"rendered":"<p>Till Vasa Baroques verksamhet h\u00f6r \u00e4ven Earthly Angels-ensemblen. Dess f\u00f6rsta cd vann YLE \u00c5rets skiva 2018-utm\u00e4rkelsen och just nu \u00e4r f\u00f6ljande skiva p\u00e5 v\u00e4g fr\u00e5n tryckeriet! Denna g\u00e5ng framf\u00f6rs fransk barockmusik, underbara kammarmusikaliska p\u00e4rlor av b\u00e5de v\u00e4lk\u00e4nda tons\u00e4ttare (s\u00e5som Marin Marais) och mindre k\u00e4nda (s\u00e5som Julie Pinel och Joseph Chabanceau de la Barre).<\/p>\n<p>P\u00e5 denna skiva musicerar Kajsa Dahlb\u00e4ck (sopran), Heidi Peltoniemi (viola da gamba), Simone Vallerotonda (luta) och Aapo H\u00e4kkinen (cembalo).<\/p>\n","protected":false},"excerpt":{"rendered":"<p>Till Vasa Baroques verksamhet h\u00f6r \u00e4ven Earthly Angels-ensemblen. Dess f\u00f6rsta cd vann YLE \u00c5rets skiva 2018-utm\u00e4rkelsen och just nu \u00e4r f\u00f6ljande skiva p\u00e5 v\u00e4g fr\u00e5n tryckeriet! Denna g\u00e5ng framf\u00f6rs fransk [&hellip;]<\/p>\n","protected":false},"featured_media":7471,"comment_status":"closed","ping_status":"closed","template":"","meta":{"_acf_changed":false},"product_brand":[],"product_cat":[423],"product_tag":[],"class_list":{"0":"post-7472","1":"product","2":"type-product","3":"status-publish","4":"has-post-thumbnail","6":"product_cat-cd-skivor","8":"first","9":"instock","10":"shipping-taxable","11":"purchasable","12":"product-type-simple"},"acf":[],"yoast_head":"<!-- This site is optimized with the Yoast SEO plugin v27.4 - https:\/\/yoast.com\/product\/yoast-seo-wordpress\/ -->\n<title>Earthly Angels LA R\u00c9VEUSE - Studio Ticket<\/title>\n<meta name=\"robots\" content=\"index, follow, max-snippet:-1, max-image-preview:large, max-video-preview:-1\" \/>\n<link rel=\"canonical\" href=\"https:\/\/www.studioticket.fi\/sv\/produkt\/earthly-angels-la-reveuse\/\" \/>\n<meta property=\"og:locale\" content=\"sv_SE\" \/>\n<meta property=\"og:type\" content=\"article\" \/>\n<meta property=\"og:title\" content=\"Earthly Angels LA R\u00c9VEUSE - Studio Ticket\" \/>\n<meta property=\"og:description\" content=\"Till Vasa Baroques verksamhet h\u00f6r \u00e4ven Earthly Angels-ensemblen. Dess f\u00f6rsta cd vann YLE \u00c5rets skiva 2018-utm\u00e4rkelsen och just nu \u00e4r f\u00f6ljande skiva p\u00e5 v\u00e4g fr\u00e5n tryckeriet! Denna g\u00e5ng framf\u00f6rs fransk [&hellip;]\" \/>\n<meta property=\"og:url\" content=\"https:\/\/www.studioticket.fi\/sv\/produkt\/earthly-angels-la-reveuse\/\" \/>\n<meta property=\"og:site_name\" content=\"Studio Ticket\" \/>\n<meta property=\"article:modified_time\" content=\"2021-01-22T09:41:45+00:00\" \/>\n<meta property=\"og:image\" content=\"https:\/\/www.studioticket.fi\/wp-content\/uploads\/2021\/01\/earthly-angles.jpg\" \/>\n\t<meta property=\"og:image:width\" content=\"612\" \/>\n\t<meta property=\"og:image:height\" content=\"605\" \/>\n\t<meta property=\"og:image:type\" content=\"image\/jpeg\" \/>\n<meta name=\"twitter:card\" content=\"summary_large_image\" \/>\n<meta name=\"twitter:label1\" content=\"Ber\u00e4knad l\u00e4stid\" \/>\n\t<meta name=\"twitter:data1\" content=\"1 minut\" \/>\n<script type=\"application\/ld+json\" class=\"yoast-schema-graph\">{\"@context\":\"https:\\\/\\\/schema.org\",\"@graph\":[{\"@type\":\"WebPage\",\"@id\":\"https:\\\/\\\/www.studioticket.fi\\\/sv\\\/produkt\\\/earthly-angels-la-reveuse\\\/\",\"url\":\"https:\\\/\\\/www.studioticket.fi\\\/sv\\\/produkt\\\/earthly-angels-la-reveuse\\\/\",\"name\":\"Earthly Angels LA R\u00c9VEUSE - Studio Ticket\",\"isPartOf\":{\"@id\":\"https:\\\/\\\/www.studioticket.fi\\\/sv\\\/#website\"},\"primaryImageOfPage\":{\"@id\":\"https:\\\/\\\/www.studioticket.fi\\\/sv\\\/produkt\\\/earthly-angels-la-reveuse\\\/#primaryimage\"},\"image\":{\"@id\":\"https:\\\/\\\/www.studioticket.fi\\\/sv\\\/produkt\\\/earthly-angels-la-reveuse\\\/#primaryimage\"},\"thumbnailUrl\":\"https:\\\/\\\/www.studioticket.fi\\\/wp-content\\\/uploads\\\/2021\\\/01\\\/earthly-angles.jpg\",\"datePublished\":\"2021-01-22T09:37:49+00:00\",\"dateModified\":\"2021-01-22T09:41:45+00:00\",\"breadcrumb\":{\"@id\":\"https:\\\/\\\/www.studioticket.fi\\\/sv\\\/produkt\\\/earthly-angels-la-reveuse\\\/#breadcrumb\"},\"inLanguage\":\"sv-SE\",\"potentialAction\":[{\"@type\":\"ReadAction\",\"target\":[\"https:\\\/\\\/www.studioticket.fi\\\/sv\\\/produkt\\\/earthly-angels-la-reveuse\\\/\"]}]},{\"@type\":\"ImageObject\",\"inLanguage\":\"sv-SE\",\"@id\":\"https:\\\/\\\/www.studioticket.fi\\\/sv\\\/produkt\\\/earthly-angels-la-reveuse\\\/#primaryimage\",\"url\":\"https:\\\/\\\/www.studioticket.fi\\\/wp-content\\\/uploads\\\/2021\\\/01\\\/earthly-angles.jpg\",\"contentUrl\":\"https:\\\/\\\/www.studioticket.fi\\\/wp-content\\\/uploads\\\/2021\\\/01\\\/earthly-angles.jpg\",\"width\":612,\"height\":605},{\"@type\":\"BreadcrumbList\",\"@id\":\"https:\\\/\\\/www.studioticket.fi\\\/sv\\\/produkt\\\/earthly-angels-la-reveuse\\\/#breadcrumb\",\"itemListElement\":[{\"@type\":\"ListItem\",\"position\":1,\"name\":\"Home\",\"item\":\"https:\\\/\\\/www.studioticket.fi\\\/sv\\\/\"},{\"@type\":\"ListItem\",\"position\":2,\"name\":\"Produkter\",\"item\":\"https:\\\/\\\/www.studioticket.fi\\\/sv\\\/butik\\\/\"},{\"@type\":\"ListItem\",\"position\":3,\"name\":\"Earthly Angels LA R\u00c9VEUSE\"}]},{\"@type\":\"WebSite\",\"@id\":\"https:\\\/\\\/www.studioticket.fi\\\/sv\\\/#website\",\"url\":\"https:\\\/\\\/www.studioticket.fi\\\/sv\\\/\",\"name\":\"Studio Ticket\",\"description\":\"\",\"potentialAction\":[{\"@type\":\"SearchAction\",\"target\":{\"@type\":\"EntryPoint\",\"urlTemplate\":\"https:\\\/\\\/www.studioticket.fi\\\/sv\\\/?s={search_term_string}\"},\"query-input\":{\"@type\":\"PropertyValueSpecification\",\"valueRequired\":true,\"valueName\":\"search_term_string\"}}],\"inLanguage\":\"sv-SE\"}]}<\/script>\n<!-- \/ Yoast SEO plugin. -->","yoast_head_json":{"title":"Earthly Angels LA R\u00c9VEUSE - Studio Ticket","robots":{"index":"index","follow":"follow","max-snippet":"max-snippet:-1","max-image-preview":"max-image-preview:large","max-video-preview":"max-video-preview:-1"},"canonical":"https:\/\/www.studioticket.fi\/sv\/produkt\/earthly-angels-la-reveuse\/","og_locale":"sv_SE","og_type":"article","og_title":"Earthly Angels LA R\u00c9VEUSE - Studio Ticket","og_description":"Till Vasa Baroques verksamhet h\u00f6r \u00e4ven Earthly Angels-ensemblen. Dess f\u00f6rsta cd vann YLE \u00c5rets skiva 2018-utm\u00e4rkelsen och just nu \u00e4r f\u00f6ljande skiva p\u00e5 v\u00e4g fr\u00e5n tryckeriet! Denna g\u00e5ng framf\u00f6rs fransk [&hellip;]","og_url":"https:\/\/www.studioticket.fi\/sv\/produkt\/earthly-angels-la-reveuse\/","og_site_name":"Studio Ticket","article_modified_time":"2021-01-22T09:41:45+00:00","og_image":[{"width":612,"height":605,"url":"https:\/\/www.studioticket.fi\/wp-content\/uploads\/2021\/01\/earthly-angles.jpg","type":"image\/jpeg"}],"twitter_card":"summary_large_image","twitter_misc":{"Ber\u00e4knad l\u00e4stid":"1 minut"},"schema":{"@context":"https:\/\/schema.org","@graph":[{"@type":"WebPage","@id":"https:\/\/www.studioticket.fi\/sv\/produkt\/earthly-angels-la-reveuse\/","url":"https:\/\/www.studioticket.fi\/sv\/produkt\/earthly-angels-la-reveuse\/","name":"Earthly Angels LA R\u00c9VEUSE - Studio Ticket","isPartOf":{"@id":"https:\/\/www.studioticket.fi\/sv\/#website"},"primaryImageOfPage":{"@id":"https:\/\/www.studioticket.fi\/sv\/produkt\/earthly-angels-la-reveuse\/#primaryimage"},"image":{"@id":"https:\/\/www.studioticket.fi\/sv\/produkt\/earthly-angels-la-reveuse\/#primaryimage"},"thumbnailUrl":"https:\/\/www.studioticket.fi\/wp-content\/uploads\/2021\/01\/earthly-angles.jpg","datePublished":"2021-01-22T09:37:49+00:00","dateModified":"2021-01-22T09:41:45+00:00","breadcrumb":{"@id":"https:\/\/www.studioticket.fi\/sv\/produkt\/earthly-angels-la-reveuse\/#breadcrumb"},"inLanguage":"sv-SE","potentialAction":[{"@type":"ReadAction","target":["https:\/\/www.studioticket.fi\/sv\/produkt\/earthly-angels-la-reveuse\/"]}]},{"@type":"ImageObject","inLanguage":"sv-SE","@id":"https:\/\/www.studioticket.fi\/sv\/produkt\/earthly-angels-la-reveuse\/#primaryimage","url":"https:\/\/www.studioticket.fi\/wp-content\/uploads\/2021\/01\/earthly-angles.jpg","contentUrl":"https:\/\/www.studioticket.fi\/wp-content\/uploads\/2021\/01\/earthly-angles.jpg","width":612,"height":605},{"@type":"BreadcrumbList","@id":"https:\/\/www.studioticket.fi\/sv\/produkt\/earthly-angels-la-reveuse\/#breadcrumb","itemListElement":[{"@type":"ListItem","position":1,"name":"Home","item":"https:\/\/www.studioticket.fi\/sv\/"},{"@type":"ListItem","position":2,"name":"Produkter","item":"https:\/\/www.studioticket.fi\/sv\/butik\/"},{"@type":"ListItem","position":3,"name":"Earthly Angels LA R\u00c9VEUSE"}]},{"@type":"WebSite","@id":"https:\/\/www.studioticket.fi\/sv\/#website","url":"https:\/\/www.studioticket.fi\/sv\/","name":"Studio Ticket","description":"","potentialAction":[{"@type":"SearchAction","target":{"@type":"EntryPoint","urlTemplate":"https:\/\/www.studioticket.fi\/sv\/?s={search_term_string}"},"query-input":{"@type":"PropertyValueSpecification","valueRequired":true,"valueName":"search_term_string"}}],"inLanguage":"sv-SE"}]}},"_links":{"self":[{"href":"https:\/\/www.studioticket.fi\/sv\/wp-json\/wp\/v2\/product\/7472","targetHints":{"allow":["GET"]}}],"collection":[{"href":"https:\/\/www.studioticket.fi\/sv\/wp-json\/wp\/v2\/product"}],"about":[{"href":"https:\/\/www.studioticket.fi\/sv\/wp-json\/wp\/v2\/types\/product"}],"replies":[{"embeddable":true,"href":"https:\/\/www.studioticket.fi\/sv\/wp-json\/wp\/v2\/comments?post=7472"}],"wp:featuredmedia":[{"embeddable":true,"href":"https:\/\/www.studioticket.fi\/sv\/wp-json\/wp\/v2\/media\/7471"}],"wp:attachment":[{"href":"https:\/\/www.studioticket.fi\/sv\/wp-json\/wp\/v2\/media?parent=7472"}],"wp:term":[{"taxonomy":"product_brand","embeddable":true,"href":"https:\/\/www.studioticket.fi\/sv\/wp-json\/wp\/v2\/product_brand?post=7472"},{"taxonomy":"product_cat","embeddable":true,"href":"https:\/\/www.studioticket.fi\/sv\/wp-json\/wp\/v2\/product_cat?post=7472"},{"taxonomy":"product_tag","embeddable":true,"href":"https:\/\/www.studioticket.fi\/sv\/wp-json\/wp\/v2\/product_tag?post=7472"}],"curies":[{"name":"wp","href":"https:\/\/api.w.org\/{rel}","templated":true}]}}